{"id":25986,"date":"2025-03-07T06:35:53","date_gmt":"2025-03-07T06:35:53","guid":{"rendered":"https:\/\/seagreen-wolverine-244474.hostingersite.com\/?post_type=product&#038;p=25986"},"modified":"2025-03-07T06:35:53","modified_gmt":"2025-03-07T06:35:53","slug":"collar-de-plata-con-gemas-y-perlas-tous-new-motif-tous-silver","status":"publish","type":"product","link":"https:\/\/chamsslux.com\/index.php\/product\/collar-de-plata-con-gemas-y-perlas-tous-new-motif-tous-silver\/","title":{"rendered":"Collar de plata con gemas y perlas TOUS New Motif.TOUS Silver"},"content":{"rendered":"<p><img fetchpriority=\"high\" decoding=\"async\" class=\"alignnone size-medium wp-image-25987\" src=\"https:\/\/chamsslux.com\/wp-content\/uploads\/2025\/03\/214932500-300x300.png\" alt=\"\" width=\"300\" height=\"300\" srcset=\"https:\/\/chamsslux.com\/wp-content\/uploads\/2025\/03\/214932500-300x300.png 300w, https:\/\/chamsslux.com\/wp-content\/uploads\/2025\/03\/214932500-150x150.png 150w, https:\/\/chamsslux.com\/wp-content\/uploads\/2025\/03\/214932500-430x430.png 430w, https:\/\/chamsslux.com\/wp-content\/uploads\/2025\/03\/214932500-400x400.png 400w, https:\/\/chamsslux.com\/wp-content\/uploads\/2025\/03\/214932500.png 515w\" sizes=\"(max-width: 300px) 100vw, 300px\" \/> <img decoding=\"async\" class=\"alignnone size-medium wp-image-25988\" src=\"https:\/\/chamsslux.com\/wp-content\/uploads\/2025\/03\/product-214932500-7-20220412120054.avif-300x300.jpg\" alt=\"\" width=\"300\" height=\"300\" srcset=\"https:\/\/chamsslux.com\/wp-content\/uploads\/2025\/03\/product-214932500-7-20220412120054.avif-300x300.jpg 300w, https:\/\/chamsslux.com\/wp-content\/uploads\/2025\/03\/product-214932500-7-20220412120054.avif-150x150.jpg 150w, https:\/\/chamsslux.com\/wp-content\/uploads\/2025\/03\/product-214932500-7-20220412120054.avif-430x430.jpg 430w, https:\/\/chamsslux.com\/wp-content\/uploads\/2025\/03\/product-214932500-7-20220412120054.avif-400x400.jpg 400w, https:\/\/chamsslux.com\/wp-content\/uploads\/2025\/03\/product-214932500-7-20220412120054.avif.jpg 515w\" sizes=\"(max-width: 300px) 100vw, 300px\" \/><\/p>\n","protected":false},"excerpt":{"rendered":"<p>Nuestro collar de plata y gemas tiene la combinaci\u00f3n perfecta entre tendencia, elegancia y dise\u00f1o minimalista. Una pieza \u00fanica de la colecci\u00f3n New Motif, una de las m\u00e1s ic\u00f3nicas de TOUS.TOUS Silver<\/p>\n","protected":false},"featured_media":25987,"comment_status":"open","ping_status":"closed","template":"","meta":[],"product_brand":[],"product_cat":[365,363],"product_tag":[314,323,348,473],"class_list":{"0":"post-25986","1":"product","2":"type-product","3":"status-publish","4":"has-post-thumbnail","6":"product_cat-necklace-silver-tous","7":"product_cat-silver-tous","8":"product_tag-spanish-bear","9":"product_tag-tous","10":"product_tag-tous-bracelet","11":"product_tag-tous-nuestro","12":"product_shipping_class-aliexpress-cainiao-transport","14":"first","15":"instock","16":"shipping-taxable","17":"purchasable","18":"product-type-simple"},"_links":{"self":[{"href":"https:\/\/chamsslux.com\/index.php\/wp-json\/wp\/v2\/product\/25986","targetHints":{"allow":["GET"]}}],"collection":[{"href":"https:\/\/chamsslux.com\/index.php\/wp-json\/wp\/v2\/product"}],"about":[{"href":"https:\/\/chamsslux.com\/index.php\/wp-json\/wp\/v2\/types\/product"}],"replies":[{"embeddable":true,"href":"https:\/\/chamsslux.com\/index.php\/wp-json\/wp\/v2\/comments?post=25986"}],"version-history":[{"count":1,"href":"https:\/\/chamsslux.com\/index.php\/wp-json\/wp\/v2\/product\/25986\/revisions"}],"predecessor-version":[{"id":25989,"href":"https:\/\/chamsslux.com\/index.php\/wp-json\/wp\/v2\/product\/25986\/revisions\/25989"}],"wp:featuredmedia":[{"embeddable":true,"href":"https:\/\/chamsslux.com\/index.php\/wp-json\/wp\/v2\/media\/25987"}],"wp:attachment":[{"href":"https:\/\/chamsslux.com\/index.php\/wp-json\/wp\/v2\/media?parent=25986"}],"wp:term":[{"taxonomy":"product_brand","embeddable":true,"href":"https:\/\/chamsslux.com\/index.php\/wp-json\/wp\/v2\/product_brand?post=25986"},{"taxonomy":"product_cat","embeddable":true,"href":"https:\/\/chamsslux.com\/index.php\/wp-json\/wp\/v2\/product_cat?post=25986"},{"taxonomy":"product_tag","embeddable":true,"href":"https:\/\/chamsslux.com\/index.php\/wp-json\/wp\/v2\/product_tag?post=25986"}],"curies":[{"name":"wp","href":"https:\/\/api.w.org\/{rel}","templated":true}]}}